{"id":61,"date":"2020-05-04T21:12:57","date_gmt":"2020-05-04T21:12:57","guid":{"rendered":"https:\/\/janette-bergmann.de\/?page_id=61"},"modified":"2026-04-28T10:08:44","modified_gmt":"2026-04-28T10:08:44","slug":"ueber-mich","status":"publish","type":"page","link":"https:\/\/janette-bergmann.de\/?page_id=61","title":{"rendered":"\u00dcber mich"},"content":{"rendered":"\n<p class=\"has-text-align-left has-normal-font-size\"><strong>Mein Name ist Janette Bergmann <\/strong><\/p>\n\n\n\n<p class=\"has-normal-font-size\"><strong>und seit 2007 bereichert Yoga mein Leben.<\/strong><\/p>\n\n\n\n<p class=\"has-normal-font-size\">In einer gesundheitlichen und beruflichen herausfordernden Zeit, entdeckte ich vor ca 20 Jahren Yoga f\u00fcr mich und sp\u00fcrte schnell die unglaubliche Wirkung dieses Systems &#8211; zun\u00e4chst f\u00fchlte ich mich w\u00e4hrend des Unterrichts beschwerdefrei&#8230; ich hatte z.B. keine Bauchschmerzen, die mich zuvor lange begleitet haben &#8211; ich erkannte den Zusammenhang von Stress\/K\u00f6rperempfinden und meiner Gesundheit. <br>2014 habe ich dann die Yogalehrerausbildung in Dresden nach 4-j\u00e4hriger Ausbildungszeit beendet und bin anerkannte und zertifizierte Yogalehrerin BDY\/EYU.<br>Der Weg des Yogas war hier f\u00fcr mich jedoch noch nicht zu Ende. Ich bin stets dabei mich weiter zu entwickeln.<br>Mein starkes Interesse f\u00fcr Gesundheit, Bewegung, Ern\u00e4hrung, Natur, Wohlbefinden und Ganzheitlichkeit f\u00fchrte mich auch zum Ayurveda, der Yogatherapie und zum Kundaliniyoga und der Gongmeditation. So erkannte ich die St\u00e4rken der ayurvedischen Tagesroutine und das meine Ern\u00e4hrung und Lebensweise zu mir passen muss. Die Yogatherapie schenkt mir das Wissen individuelle Besonderheiten zu erkennen und in der Therapie zu integrieren. Meine Spiritualit\u00e4t erkannte ich jedoch erst durch Kundaliniyoga und die Gongmeditationen, neue Sichtweisen auf das Leben und dessen Zyklen er\u00f6ffnen sich mir.<\/p>\n\n\n\n<p class=\"has-normal-font-size\">Seit Mai 2023 bin ich Heilpraktikerin auf dem Gebiet der Psychotherapie und arbeite auch hier intensiv mit therapeutischen Yoga z.B. bei Stress, Burnout, Sinnkrisen &#8211; psychischen, seelischen und geistigen und damit verbundenen k\u00f6rperlichen Belastungen. Die Kinesiologie unterst\u00fctzt hier meine T\u00e4tigkeit umfassend.<br><br>Mit gro\u00dfer Begeisterung praktiziere ich Yoga f\u00fcr Jung und Alt. Ich kann durch meine langj\u00e4hrige Erfahrung als gelernte Ergotherapeutin und dem Wissen der Yoga- und Ayurvedatherapie in vielen F\u00e4llen professionelle und individuelle Hilfestellung leisten.<\/p>\n\n\n\n<h4 class=\"wp-block-heading\"><strong>Mein Werdegang:<\/strong><\/h4>\n\n\n\n<ul class=\"wp-block-list\">\n<li>Heilpraktikerin auf dem Gebiet der Psychotherapie<\/li>\n\n\n\n<li>Kinesiologin nach  Klaus Wienert (MIB)<img loading=\"lazy\" decoding=\"async\" width=\"150\" height=\"163\" class=\"wp-image-1669\" style=\"width: 150px;\" src=\"https:\/\/janette-bergmann.de\/wp-content\/uploads\/2026\/04\/CeA_Badge_Zerti_Partner_Gold.webp\" alt=\"\" srcset=\"https:\/\/janette-bergmann.de\/wp-content\/uploads\/2026\/04\/CeA_Badge_Zerti_Partner_Gold.webp 800w, https:\/\/janette-bergmann.de\/wp-content\/uploads\/2026\/04\/CeA_Badge_Zerti_Partner_Gold-276x300.webp 276w, https:\/\/janette-bergmann.de\/wp-content\/uploads\/2026\/04\/CeA_Badge_Zerti_Partner_Gold-768x835.webp 768w, https:\/\/janette-bergmann.de\/wp-content\/uploads\/2026\/04\/CeA_Badge_Zerti_Partner_Gold-552x600.webp 552w\" sizes=\"auto, (max-width: 150px) 100vw, 150px\" \/><\/li>\n\n\n\n<li>Yogalehrerin (BDY\/EYU Yogaschule Dresden seit 2014)<\/li>\n\n\n\n<li>Kundaliniyogainstructor<\/li>\n\n\n\n<li>Zertifizierte Yogatherapeutin (G\u00fcnter Niessen)<\/li>\n\n\n\n<li>therapeutisches Yoga seit 2008<\/li>\n\n\n\n<li>Ayurvedamassagepraktiker (Ayurveda Akademie Birstein)<\/li>\n\n\n\n<li>Ayurvedacoach (Sonne &amp; Mond Berlin)<\/li>\n\n\n\n<li>\u00fcber 20 Jahre praktizierende Ergotherapeutin  <\/li>\n\n\n\n<li>zertifizierte Handtherapeutin AfH<\/li>\n\n\n\n<li>R\u00fcckenschullehrerin, Aquatrainerin, PMR-Kursleiterin etc.<\/li>\n<\/ul>\n\n\n<div class=\"wp-block-image\">\n<figure class=\"alignleft size-large is-resized\"><img loading=\"lazy\" decoding=\"async\" width=\"684\" height=\"1024\" src=\"https:\/\/janette-bergmann.de\/wp-content\/uploads\/2022\/07\/20220721_102731-684x1024.jpg\" alt=\"\" class=\"wp-image-688\" style=\"width:158px;height:236px\" srcset=\"https:\/\/janette-bergmann.de\/wp-content\/uploads\/2022\/07\/20220721_102731-684x1024.jpg 684w, https:\/\/janette-bergmann.de\/wp-content\/uploads\/2022\/07\/20220721_102731-200x300.jpg 200w, https:\/\/janette-bergmann.de\/wp-content\/uploads\/2022\/07\/20220721_102731-768x1149.jpg 768w, https:\/\/janette-bergmann.de\/wp-content\/uploads\/2022\/07\/20220721_102731-1027x1536.jpg 1027w, https:\/\/janette-bergmann.de\/wp-content\/uploads\/2022\/07\/20220721_102731.jpg 1364w\" sizes=\"auto, (max-width: 684px) 100vw, 684px\" \/><\/figure>\n<\/div>","protected":false},"excerpt":{"rendered":"<p>Mein Name ist Janette Bergmann und seit 2007 bereichert Yoga mein Leben. In einer gesundheitlichen und beruflichen herausfordernden Zeit, entdeckte ich vor ca 20 Jahren Yoga f\u00fcr mich und sp\u00fcrte schnell die unglaubliche Wirkung dieses Systems &#8211; zun\u00e4chst f\u00fchlte ich mich w\u00e4hrend des Unterrichts beschwerdefrei&#8230; ich hatte z.B. keine Bauchschmerzen, die mich zuvor lange begleitet [&hellip;]<\/p>\n","protected":false},"author":1,"featured_media":688,"parent":0,"menu_order":0,"comment_status":"closed","ping_status":"closed","template":"","meta":{"_monsterinsights_skip_tracking":false,"_monsterinsights_sitenote_active":false,"_monsterinsights_sitenote_note":"","_monsterinsights_sitenote_category":0,"two_page_speed":[],"footnotes":""},"class_list":["post-61","page","type-page","status-publish","has-post-thumbnail","hentry"],"_links":{"self":[{"href":"https:\/\/janette-bergmann.de\/index.php?rest_route=\/wp\/v2\/pages\/61","targetHints":{"allow":["GET"]}}],"collection":[{"href":"https:\/\/janette-bergmann.de\/index.php?rest_route=\/wp\/v2\/pages"}],"about":[{"href":"https:\/\/janette-bergmann.de\/index.php?rest_route=\/wp\/v2\/types\/page"}],"author":[{"embeddable":true,"href":"https:\/\/janette-bergmann.de\/index.php?rest_route=\/wp\/v2\/users\/1"}],"replies":[{"embeddable":true,"href":"https:\/\/janette-bergmann.de\/index.php?rest_route=%2Fwp%2Fv2%2Fcomments&post=61"}],"version-history":[{"count":43,"href":"https:\/\/janette-bergmann.de\/index.php?rest_route=\/wp\/v2\/pages\/61\/revisions"}],"predecessor-version":[{"id":1675,"href":"https:\/\/janette-bergmann.de\/index.php?rest_route=\/wp\/v2\/pages\/61\/revisions\/1675"}],"wp:featuredmedia":[{"embeddable":true,"href":"https:\/\/janette-bergmann.de\/index.php?rest_route=\/wp\/v2\/media\/688"}],"wp:attachment":[{"href":"https:\/\/janette-bergmann.de\/index.php?rest_route=%2Fwp%2Fv2%2Fmedia&parent=61"}],"curies":[{"name":"wp","href":"https:\/\/api.w.org\/{rel}","templated":true}]}}