{"id":67,"date":"2020-05-04T21:20:19","date_gmt":"2020-05-04T21:20:19","guid":{"rendered":"https:\/\/janette-bergmann.de\/?page_id=67"},"modified":"2025-11-03T09:28:15","modified_gmt":"2025-11-03T09:28:15","slug":"janette-bergmann-joga-und-ayurveda","status":"publish","type":"page","link":"https:\/\/janette-bergmann.de\/","title":{"rendered":"Heilpraktikerin f\u00fcr Psychotherapie  YOGA.THERAPIE"},"content":{"rendered":"\n<p><\/p>\n\n\n\n<p><\/p>\n\n\n<div class=\"wp-block-image\">\n<figure class=\"aligncenter size-full is-resized\"><img loading=\"lazy\" decoding=\"async\" width=\"766\" height=\"767\" src=\"https:\/\/janette-bergmann.de\/wp-content\/uploads\/2020\/05\/Jannette-Bergmann-II.jpg\" alt=\"\" class=\"wp-image-113\" style=\"width:485px;height:485px\" srcset=\"https:\/\/janette-bergmann.de\/wp-content\/uploads\/2020\/05\/Jannette-Bergmann-II.jpg 766w, https:\/\/janette-bergmann.de\/wp-content\/uploads\/2020\/05\/Jannette-Bergmann-II-300x300.jpg 300w, https:\/\/janette-bergmann.de\/wp-content\/uploads\/2020\/05\/Jannette-Bergmann-II-150x150.jpg 150w\" sizes=\"auto, (max-width: 766px) 100vw, 766px\" \/><\/figure>\n<\/div>\n\n\n<p><\/p>\n\n\n\n<p><\/p>\n\n\n\n<h2 class=\"wp-block-heading\"><strong>Yoga mit Janette Bergmann<\/strong><\/h2>\n\n\n\n<p class=\"has-normal-font-size\">Yoga bedeutet <strong>sich mit dem SELBST <\/strong>und dem Leben bewusst <b>zu verbinden<\/b>.<\/p>\n\n\n\n<p><\/p>\n\n\n\n<p><strong>Ich begleite Menschen die k\u00f6rperlich, mental und seelisch ersch\u00f6pft bzw. von Stress und dessen Symptomen belastet sind, mit..<\/strong><\/p>\n\n\n\n<p>&#8230; regelm\u00e4\u00dfigen <strong>Liveyogakursen<\/strong>, <strong>Yogaonlinekursen<\/strong> und <strong>Yogaretreats<\/strong> (alle nach \u00a7 20 SGB V von den Krankenkassen als Pr\u00e4ventionskurse zertifiziert), sowie in der <strong>YOGA.THERAPIE<\/strong> (Privatleistung als Heilpraktikerin f\u00fcr Psychotherapie) mit <strong>kinesiologischen Behandlungen<\/strong>, <strong>Anti-Stress-Massagen<\/strong>, <strong>Kiefer-Balancen<\/strong>, Tagesworkshops\/<strong>Onedayretreats<\/strong> sowie <strong>Kundaliniyoga<\/strong> <strong>&amp;<\/strong> <strong>Gongmeditation<\/strong> auf Ihrem Weg Ihre Entspannungsf\u00e4higkeit, Regenerationsf\u00e4higkeit und Resilienz zu st\u00e4rken. <\/p>\n\n\n\n<p>Ich begleite<strong> SIE<\/strong> fitter, energiegeladener, wacher, klarer und fokussierter in Ihrer Selbstf\u00fcrsorge zu sein.<\/p>\n\n\n\n<p class=\"has-normal-font-size\">Durch K\u00f6rperhaltung (asanas), Atemwahrnehmung und Energielenkung (pranayamas), Tiefentspannung und Meditation, durch Bewusstwerden, Selbsterfahrung und Erkenntnis zu:<\/p>\n\n\n\n<ul class=\"wp-block-list\">\n<li>einem verbesserten K\u00f6rpergef\u00fchl <\/li>\n\n\n\n<li>einer effektiveren Haltung und Bewegungsweise<\/li>\n\n\n\n<li>k\u00f6rperlicher und geistiger Entspannung<\/li>\n\n\n\n<li>Verbesserung der Resilienz und Stressabbau<\/li>\n\n\n\n<li>Harmonisierung und innerem Gleichgewicht<\/li>\n\n\n\n<li>einem tieferen Verst\u00e4ndnis vom Leben<\/li>\n<\/ul>\n\n\n\n<p>Details finden Sie im jeweiligen Men\u00fcunterpunkt.<\/p>\n","protected":false},"excerpt":{"rendered":"<p>Yoga mit Janette Bergmann Yoga bedeutet sich mit dem SELBST und dem Leben bewusst zu verbinden. Ich begleite Menschen die k\u00f6rperlich, mental und seelisch ersch\u00f6pft bzw. von Stress und dessen Symptomen belastet sind, mit.. &#8230; regelm\u00e4\u00dfigen Liveyogakursen, Yogaonlinekursen und Yogaretreats (alle nach \u00a7 20 SGB V von den Krankenkassen als Pr\u00e4ventionskurse zertifiziert), sowie in der [&hellip;]<\/p>\n","protected":false},"author":1,"featured_media":0,"parent":0,"menu_order":0,"comment_status":"closed","ping_status":"closed","template":"","meta":{"_monsterinsights_skip_tracking":false,"_monsterinsights_sitenote_active":false,"_monsterinsights_sitenote_note":"","_monsterinsights_sitenote_category":0,"two_page_speed":[],"footnotes":""},"class_list":["post-67","page","type-page","status-publish","hentry"],"_links":{"self":[{"href":"https:\/\/janette-bergmann.de\/index.php?rest_route=\/wp\/v2\/pages\/67","targetHints":{"allow":["GET"]}}],"collection":[{"href":"https:\/\/janette-bergmann.de\/index.php?rest_route=\/wp\/v2\/pages"}],"about":[{"href":"https:\/\/janette-bergmann.de\/index.php?rest_route=\/wp\/v2\/types\/page"}],"author":[{"embeddable":true,"href":"https:\/\/janette-bergmann.de\/index.php?rest_route=\/wp\/v2\/users\/1"}],"replies":[{"embeddable":true,"href":"https:\/\/janette-bergmann.de\/index.php?rest_route=%2Fwp%2Fv2%2Fcomments&post=67"}],"version-history":[{"count":43,"href":"https:\/\/janette-bergmann.de\/index.php?rest_route=\/wp\/v2\/pages\/67\/revisions"}],"predecessor-version":[{"id":1513,"href":"https:\/\/janette-bergmann.de\/index.php?rest_route=\/wp\/v2\/pages\/67\/revisions\/1513"}],"wp:attachment":[{"href":"https:\/\/janette-bergmann.de\/index.php?rest_route=%2Fwp%2Fv2%2Fmedia&parent=67"}],"curies":[{"name":"wp","href":"https:\/\/api.w.org\/{rel}","templated":true}]}}